{"id":9,"date":"2014-11-13T15:11:54","date_gmt":"2014-11-13T15:11:54","guid":{"rendered":"http:\/\/www.portaldenoticias.net\/ffsantos\/?page_id=9"},"modified":"2015-03-24T23:42:22","modified_gmt":"2015-03-24T23:42:22","slug":"fale-conosco","status":"publish","type":"page","link":"https:\/\/portaldenoticias.net\/ffsantos\/fale-conosco\/","title":{"rendered":"Fale Conosco"},"content":{"rendered":"<p>E-Mail: ffsantosconsultoria@ig.com.br. Facebook:<a href=\" https:\/\/www.facebook.com\/florisvaldo.fdossantos\"> https:\/\/www.facebook.<wbr \/>com\/florisvaldo.fdossantos<\/a><\/p>\n<p><em>*Os artigos assinados e publicados s\u00e3o de responsabilidade exclusiva de seus autores, n\u00e3o representando, necessariamente, a opini\u00e3o deste Blog.<\/em><\/p>\n","protected":false},"excerpt":{"rendered":"<p>E-Mail: ffsantosconsultoria@ig.com.br. Facebook: https:\/\/www.facebook.com\/florisvaldo.fdossantos *Os artigos assinados e publicados s\u00e3o de responsabilidade exclusiva de seus autores, n\u00e3o representando, necessariamente, a opini\u00e3o deste Blog.<\/p>\n","protected":false},"author":1,"featured_media":0,"parent":0,"menu_order":0,"comment_status":"open","ping_status":"open","template":"","meta":{"footnotes":""},"class_list":["post-9","page","type-page","status-publish"],"yoast_head":"<!-- This site is optimized with the Yoast SEO plugin v27.4 - https:\/\/yoast.com\/product\/yoast-seo-wordpress\/ -->\n<title>Fale Conosco - Blog do Florisvaldo<\/title>\n<meta name=\"robots\" content=\"index, follow, max-snippet:-1, max-image-preview:large, max-video-preview:-1\" \/>\n<link rel=\"canonical\" href=\"https:\/\/portaldenoticias.net\/ffsantos\/fale-conosco\/\" \/>\n<meta property=\"og:locale\" content=\"pt_BR\" \/>\n<meta property=\"og:type\" content=\"article\" \/>\n<meta property=\"og:title\" content=\"Fale Conosco - Blog do Florisvaldo\" \/>\n<meta property=\"og:description\" content=\"E-Mail: ffsantosconsultoria@ig.com.br. Facebook: https:\/\/www.facebook.com\/florisvaldo.fdossantos *Os artigos assinados e publicados s\u00e3o de responsabilidade exclusiva de seus autores, n\u00e3o representando, necessariamente, a opini\u00e3o deste Blog.\" \/>\n<meta property=\"og:url\" content=\"https:\/\/portaldenoticias.net\/ffsantos\/fale-conosco\/\" \/>\n<meta property=\"og:site_name\" content=\"Blog do Florisvaldo\" \/>\n<meta property=\"article:modified_time\" content=\"2015-03-24T23:42:22+00:00\" \/>\n<meta name=\"twitter:card\" content=\"summary_large_image\" \/>\n<script type=\"application\/ld+json\" class=\"yoast-schema-graph\">{\"@context\":\"https:\\\/\\\/schema.org\",\"@graph\":[{\"@type\":\"WebPage\",\"@id\":\"https:\\\/\\\/portaldenoticias.net\\\/ffsantos\\\/fale-conosco\\\/\",\"url\":\"https:\\\/\\\/portaldenoticias.net\\\/ffsantos\\\/fale-conosco\\\/\",\"name\":\"Fale Conosco - Blog do Florisvaldo\",\"isPartOf\":{\"@id\":\"https:\\\/\\\/portaldenoticias.net\\\/ffsantos\\\/#website\"},\"datePublished\":\"2014-11-13T15:11:54+00:00\",\"dateModified\":\"2015-03-24T23:42:22+00:00\",\"breadcrumb\":{\"@id\":\"https:\\\/\\\/portaldenoticias.net\\\/ffsantos\\\/fale-conosco\\\/#breadcrumb\"},\"inLanguage\":\"pt-BR\",\"potentialAction\":[{\"@type\":\"ReadAction\",\"target\":[\"https:\\\/\\\/portaldenoticias.net\\\/ffsantos\\\/fale-conosco\\\/\"]}]},{\"@type\":\"BreadcrumbList\",\"@id\":\"https:\\\/\\\/portaldenoticias.net\\\/ffsantos\\\/fale-conosco\\\/#breadcrumb\",\"itemListElement\":[{\"@type\":\"ListItem\",\"position\":1,\"name\":\"In\u00edcio\",\"item\":\"https:\\\/\\\/portaldenoticias.net\\\/ffsantos\\\/\"},{\"@type\":\"ListItem\",\"position\":2,\"name\":\"Fale Conosco\"}]},{\"@type\":\"WebSite\",\"@id\":\"https:\\\/\\\/portaldenoticias.net\\\/ffsantos\\\/#website\",\"url\":\"https:\\\/\\\/portaldenoticias.net\\\/ffsantos\\\/\",\"name\":\"Blog do Florisvaldo |\",\"description\":\"Informa\u00e7\u00e3o com imparcialidade\",\"potentialAction\":[{\"@type\":\"SearchAction\",\"target\":{\"@type\":\"EntryPoint\",\"urlTemplate\":\"https:\\\/\\\/portaldenoticias.net\\\/ffsantos\\\/?s={search_term_string}\"},\"query-input\":{\"@type\":\"PropertyValueSpecification\",\"valueRequired\":true,\"valueName\":\"search_term_string\"}}],\"inLanguage\":\"pt-BR\"}]}<\/script>\n<!-- \/ Yoast SEO plugin. -->","yoast_head_json":{"title":"Fale Conosco - Blog do Florisvaldo","robots":{"index":"index","follow":"follow","max-snippet":"max-snippet:-1","max-image-preview":"max-image-preview:large","max-video-preview":"max-video-preview:-1"},"canonical":"https:\/\/portaldenoticias.net\/ffsantos\/fale-conosco\/","og_locale":"pt_BR","og_type":"article","og_title":"Fale Conosco - Blog do Florisvaldo","og_description":"E-Mail: ffsantosconsultoria@ig.com.br. Facebook: https:\/\/www.facebook.com\/florisvaldo.fdossantos *Os artigos assinados e publicados s\u00e3o de responsabilidade exclusiva de seus autores, n\u00e3o representando, necessariamente, a opini\u00e3o deste Blog.","og_url":"https:\/\/portaldenoticias.net\/ffsantos\/fale-conosco\/","og_site_name":"Blog do Florisvaldo","article_modified_time":"2015-03-24T23:42:22+00:00","twitter_card":"summary_large_image","schema":{"@context":"https:\/\/schema.org","@graph":[{"@type":"WebPage","@id":"https:\/\/portaldenoticias.net\/ffsantos\/fale-conosco\/","url":"https:\/\/portaldenoticias.net\/ffsantos\/fale-conosco\/","name":"Fale Conosco - Blog do Florisvaldo","isPartOf":{"@id":"https:\/\/portaldenoticias.net\/ffsantos\/#website"},"datePublished":"2014-11-13T15:11:54+00:00","dateModified":"2015-03-24T23:42:22+00:00","breadcrumb":{"@id":"https:\/\/portaldenoticias.net\/ffsantos\/fale-conosco\/#breadcrumb"},"inLanguage":"pt-BR","potentialAction":[{"@type":"ReadAction","target":["https:\/\/portaldenoticias.net\/ffsantos\/fale-conosco\/"]}]},{"@type":"BreadcrumbList","@id":"https:\/\/portaldenoticias.net\/ffsantos\/fale-conosco\/#breadcrumb","itemListElement":[{"@type":"ListItem","position":1,"name":"In\u00edcio","item":"https:\/\/portaldenoticias.net\/ffsantos\/"},{"@type":"ListItem","position":2,"name":"Fale Conosco"}]},{"@type":"WebSite","@id":"https:\/\/portaldenoticias.net\/ffsantos\/#website","url":"https:\/\/portaldenoticias.net\/ffsantos\/","name":"Blog do Florisvaldo |","description":"Informa\u00e7\u00e3o com imparcialidade","potentialAction":[{"@type":"SearchAction","target":{"@type":"EntryPoint","urlTemplate":"https:\/\/portaldenoticias.net\/ffsantos\/?s={search_term_string}"},"query-input":{"@type":"PropertyValueSpecification","valueRequired":true,"valueName":"search_term_string"}}],"inLanguage":"pt-BR"}]}},"_links":{"self":[{"href":"https:\/\/portaldenoticias.net\/ffsantos\/wp-json\/wp\/v2\/pages\/9","targetHints":{"allow":["GET"]}}],"collection":[{"href":"https:\/\/portaldenoticias.net\/ffsantos\/wp-json\/wp\/v2\/pages"}],"about":[{"href":"https:\/\/portaldenoticias.net\/ffsantos\/wp-json\/wp\/v2\/types\/page"}],"author":[{"embeddable":true,"href":"https:\/\/portaldenoticias.net\/ffsantos\/wp-json\/wp\/v2\/users\/1"}],"replies":[{"embeddable":true,"href":"https:\/\/portaldenoticias.net\/ffsantos\/wp-json\/wp\/v2\/comments?post=9"}],"version-history":[{"count":0,"href":"https:\/\/portaldenoticias.net\/ffsantos\/wp-json\/wp\/v2\/pages\/9\/revisions"}],"wp:attachment":[{"href":"https:\/\/portaldenoticias.net\/ffsantos\/wp-json\/wp\/v2\/media?parent=9"}],"curies":[{"name":"wp","href":"https:\/\/api.w.org\/{rel}","templated":true}]}}