{"id":2,"date":"2014-11-13T14:53:05","date_gmt":"2014-11-13T14:53:05","guid":{"rendered":"http:\/\/www.portaldenoticias.net\/ffsantos\/?page_id=2"},"modified":"2026-04-16T00:11:51","modified_gmt":"2026-04-16T03:11:51","slug":"quemsomos","status":"publish","type":"page","link":"https:\/\/portaldenoticias.net\/ffsantos\/quemsomos\/","title":{"rendered":"Quem Somos"},"content":{"rendered":"<p><strong>Florisvaldo Ferreira dos Santos<\/strong>, nascido em 4 de maio de 1950, em Cansan\u00e7\u00e3o (BA), construiu uma trajet\u00f3ria marcada por s\u00f3lida atua\u00e7\u00e3o profissional e forte engajamento comunit\u00e1rio. Desde 1969 em S\u00e3o Paulo, mant\u00e9m vida ativa mesmo ap\u00f3s a aposentadoria, dividindo-se entre a capital paulista e sua cidade natal.<\/p>\n<p><strong>Carreira Profissional<\/strong><\/p>\n<p>Com mais de 57<strong> anos de experi\u00eancia no setor de seguros<\/strong>, atuou em posi\u00e7\u00f5es de destaque nas seguradoras <strong>CIS<\/strong>, <strong>Santa Cruz Seguros<\/strong> e <strong>Sul Am\u00e9rica Seguros<\/strong>, exercendo fun\u00e7\u00f5es t\u00e9cnicas e administrativas de lideran\u00e7a.<\/p>\n<p>Em 2014, fundou a <strong>FFSantos Consultoria de Seguros e Benef\u00edcios<\/strong>, da qual \u00e9 Diretor Presidente, com atua\u00e7\u00e3o em S\u00e3o Paulo e Cansan\u00e7\u00e3o.<br \/>\nDesde 2015, tamb\u00e9m integra a Prefeitura de S\u00e3o Paulo como <strong>Assessor de Gest\u00e3o no CEU (Centro Educacional Unificado)<\/strong>.<\/p>\n<p><strong>Atua\u00e7\u00e3o Comunit\u00e1ria em S\u00e3o Paulo<\/strong><\/p>\n<p>Destaca-se pela intensa participa\u00e7\u00e3o social e comunit\u00e1ria:<\/p>\n<ul>\n<li><strong>Rotary Club S\u00e3o Paulo Vila Matilde Centen\u00e1rio<\/strong> \u2013 Secret\u00e1rio<\/li>\n<li><strong>CONSEG (21\u00ba DP Vila Matilde)<\/strong> \u2013 Vice-presidente<\/li>\n<li><strong>Conselho Participativo Municipal<\/strong> \u2013 Conselheiro (2 mandatos)<\/li>\n<li><strong>Sociedade Amigos do Jardim Samara<\/strong> \u2013 Ex-presidente e conselheiro<\/li>\n<li><strong>PSDB Vila Matilde<\/strong> \u2013 Presidente do Diret\u00f3rio Zonal<\/li>\n<li><strong>CVV (Centro de Valoriza\u00e7\u00e3o da Vida)<\/strong> \u2013 Coordenador e volunt\u00e1rio<\/li>\n<li><strong>Campanha Droga Mata<\/strong> \u2013 Multiplicador<\/li>\n<\/ul>\n<p><strong>Reconhecimentos:<\/strong> Homenagens de \u00f3rg\u00e3os p\u00fablicos e entidades civis pelos relevantes servi\u00e7os prestados \u00e0 comunidade.<\/p>\n<p><strong>Atua\u00e7\u00e3o em Cansan\u00e7\u00e3o\/BA e Regi\u00e3o<\/strong><\/p>\n<p>Mant\u00e9m forte v\u00ednculo com sua terra natal, liderando iniciativas sociais e comunit\u00e1rias:<\/p>\n<ul>\n<li>Diretor do <strong>Blog do Florisvaldo \u2013 Informa\u00e7\u00e3o com Imparcialidade<\/strong><\/li>\n<li>Presidente da filial da <strong>FFSantos Consultoria<\/strong><\/li>\n<li>Consultor e palestrante em associa\u00e7\u00f5es de agricultores<\/li>\n<li>Idealizador da revitaliza\u00e7\u00e3o do <strong>A\u00e7ude do Caldeir\u00e3o<\/strong><\/li>\n<li>Palestrante em grupos dos <strong>Alco\u00f3licos An\u00f4nimos (AA)<\/strong><\/li>\n<li>Participa\u00e7\u00e3o em r\u00e1dios regionais com campanhas sociais<\/li>\n<li>Atua\u00e7\u00e3o em atividades religiosas e comunit\u00e1rias<\/li>\n<li>Idealizador do Projeto e Constru\u00e7\u00e3o do <strong>Cemit\u00e9rio da Parelha<\/strong> e da <strong>Capela Nossa Senhora Aparecida<\/strong> \u2013, Povoado da Parelha, Munic\u00edpio de Cansan\u00e7\u00e3o Ba<\/li>\n<\/ul>\n<p>&nbsp;<\/p>\n","protected":false},"excerpt":{"rendered":"<p>Florisvaldo Ferreira dos Santos, nascido em 4 de maio de 1950, em Cansan\u00e7\u00e3o (BA), construiu uma trajet\u00f3ria marcada por s\u00f3lida atua\u00e7\u00e3o profissional e forte engajamento comunit\u00e1rio. Desde 1969 em S\u00e3o Paulo, mant\u00e9m vida ativa mesmo ap\u00f3s a aposentadoria, dividindo-se entre a capital paulista e sua cidade natal. Carreira Profissional Com mais de 57 anos de<\/p>\n","protected":false},"author":1,"featured_media":0,"parent":0,"menu_order":0,"comment_status":"open","ping_status":"closed","template":"","meta":{"footnotes":""},"class_list":["post-2","page","type-page","status-publish"],"yoast_head":"<!-- This site is optimized with the Yoast SEO plugin v27.4 - https:\/\/yoast.com\/product\/yoast-seo-wordpress\/ -->\n<title>Quem Somos - Blog do Florisvaldo<\/title>\n<meta name=\"robots\" content=\"index, follow, max-snippet:-1, max-image-preview:large, max-video-preview:-1\" \/>\n<link rel=\"canonical\" href=\"https:\/\/portaldenoticias.net\/ffsantos\/quemsomos\/\" \/>\n<meta property=\"og:locale\" content=\"pt_BR\" \/>\n<meta property=\"og:type\" content=\"article\" \/>\n<meta property=\"og:title\" content=\"Quem Somos - Blog do Florisvaldo\" \/>\n<meta property=\"og:description\" content=\"Florisvaldo Ferreira dos Santos, nascido em 4 de maio de 1950, em Cansan\u00e7\u00e3o (BA), construiu uma trajet\u00f3ria marcada por s\u00f3lida atua\u00e7\u00e3o profissional e forte engajamento comunit\u00e1rio. Desde 1969 em S\u00e3o Paulo, mant\u00e9m vida ativa mesmo ap\u00f3s a aposentadoria, dividindo-se entre a capital paulista e sua cidade natal. Carreira Profissional Com mais de 57 anos de\" \/>\n<meta property=\"og:url\" content=\"https:\/\/portaldenoticias.net\/ffsantos\/quemsomos\/\" \/>\n<meta property=\"og:site_name\" content=\"Blog do Florisvaldo\" \/>\n<meta property=\"article:modified_time\" content=\"2026-04-16T03:11:51+00:00\" \/>\n<meta name=\"twitter:card\" content=\"summary_large_image\" \/>\n<meta name=\"twitter:label1\" content=\"Est. tempo de leitura\" \/>\n\t<meta name=\"twitter:data1\" content=\"2 minutos\" \/>\n<script type=\"application\/ld+json\" class=\"yoast-schema-graph\">{\"@context\":\"https:\\\/\\\/schema.org\",\"@graph\":[{\"@type\":\"WebPage\",\"@id\":\"https:\\\/\\\/portaldenoticias.net\\\/ffsantos\\\/quemsomos\\\/\",\"url\":\"https:\\\/\\\/portaldenoticias.net\\\/ffsantos\\\/quemsomos\\\/\",\"name\":\"Quem Somos - Blog do Florisvaldo\",\"isPartOf\":{\"@id\":\"https:\\\/\\\/portaldenoticias.net\\\/ffsantos\\\/#website\"},\"datePublished\":\"2014-11-13T14:53:05+00:00\",\"dateModified\":\"2026-04-16T03:11:51+00:00\",\"breadcrumb\":{\"@id\":\"https:\\\/\\\/portaldenoticias.net\\\/ffsantos\\\/quemsomos\\\/#breadcrumb\"},\"inLanguage\":\"pt-BR\",\"potentialAction\":[{\"@type\":\"ReadAction\",\"target\":[\"https:\\\/\\\/portaldenoticias.net\\\/ffsantos\\\/quemsomos\\\/\"]}]},{\"@type\":\"BreadcrumbList\",\"@id\":\"https:\\\/\\\/portaldenoticias.net\\\/ffsantos\\\/quemsomos\\\/#breadcrumb\",\"itemListElement\":[{\"@type\":\"ListItem\",\"position\":1,\"name\":\"In\u00edcio\",\"item\":\"https:\\\/\\\/portaldenoticias.net\\\/ffsantos\\\/\"},{\"@type\":\"ListItem\",\"position\":2,\"name\":\"Quem Somos\"}]},{\"@type\":\"WebSite\",\"@id\":\"https:\\\/\\\/portaldenoticias.net\\\/ffsantos\\\/#website\",\"url\":\"https:\\\/\\\/portaldenoticias.net\\\/ffsantos\\\/\",\"name\":\"Blog do Florisvaldo |\",\"description\":\"Informa\u00e7\u00e3o com imparcialidade\",\"potentialAction\":[{\"@type\":\"SearchAction\",\"target\":{\"@type\":\"EntryPoint\",\"urlTemplate\":\"https:\\\/\\\/portaldenoticias.net\\\/ffsantos\\\/?s={search_term_string}\"},\"query-input\":{\"@type\":\"PropertyValueSpecification\",\"valueRequired\":true,\"valueName\":\"search_term_string\"}}],\"inLanguage\":\"pt-BR\"}]}<\/script>\n<!-- \/ Yoast SEO plugin. -->","yoast_head_json":{"title":"Quem Somos - Blog do Florisvaldo","robots":{"index":"index","follow":"follow","max-snippet":"max-snippet:-1","max-image-preview":"max-image-preview:large","max-video-preview":"max-video-preview:-1"},"canonical":"https:\/\/portaldenoticias.net\/ffsantos\/quemsomos\/","og_locale":"pt_BR","og_type":"article","og_title":"Quem Somos - Blog do Florisvaldo","og_description":"Florisvaldo Ferreira dos Santos, nascido em 4 de maio de 1950, em Cansan\u00e7\u00e3o (BA), construiu uma trajet\u00f3ria marcada por s\u00f3lida atua\u00e7\u00e3o profissional e forte engajamento comunit\u00e1rio. Desde 1969 em S\u00e3o Paulo, mant\u00e9m vida ativa mesmo ap\u00f3s a aposentadoria, dividindo-se entre a capital paulista e sua cidade natal. Carreira Profissional Com mais de 57 anos de","og_url":"https:\/\/portaldenoticias.net\/ffsantos\/quemsomos\/","og_site_name":"Blog do Florisvaldo","article_modified_time":"2026-04-16T03:11:51+00:00","twitter_card":"summary_large_image","twitter_misc":{"Est. tempo de leitura":"2 minutos"},"schema":{"@context":"https:\/\/schema.org","@graph":[{"@type":"WebPage","@id":"https:\/\/portaldenoticias.net\/ffsantos\/quemsomos\/","url":"https:\/\/portaldenoticias.net\/ffsantos\/quemsomos\/","name":"Quem Somos - Blog do Florisvaldo","isPartOf":{"@id":"https:\/\/portaldenoticias.net\/ffsantos\/#website"},"datePublished":"2014-11-13T14:53:05+00:00","dateModified":"2026-04-16T03:11:51+00:00","breadcrumb":{"@id":"https:\/\/portaldenoticias.net\/ffsantos\/quemsomos\/#breadcrumb"},"inLanguage":"pt-BR","potentialAction":[{"@type":"ReadAction","target":["https:\/\/portaldenoticias.net\/ffsantos\/quemsomos\/"]}]},{"@type":"BreadcrumbList","@id":"https:\/\/portaldenoticias.net\/ffsantos\/quemsomos\/#breadcrumb","itemListElement":[{"@type":"ListItem","position":1,"name":"In\u00edcio","item":"https:\/\/portaldenoticias.net\/ffsantos\/"},{"@type":"ListItem","position":2,"name":"Quem Somos"}]},{"@type":"WebSite","@id":"https:\/\/portaldenoticias.net\/ffsantos\/#website","url":"https:\/\/portaldenoticias.net\/ffsantos\/","name":"Blog do Florisvaldo |","description":"Informa\u00e7\u00e3o com imparcialidade","potentialAction":[{"@type":"SearchAction","target":{"@type":"EntryPoint","urlTemplate":"https:\/\/portaldenoticias.net\/ffsantos\/?s={search_term_string}"},"query-input":{"@type":"PropertyValueSpecification","valueRequired":true,"valueName":"search_term_string"}}],"inLanguage":"pt-BR"}]}},"_links":{"self":[{"href":"https:\/\/portaldenoticias.net\/ffsantos\/wp-json\/wp\/v2\/pages\/2","targetHints":{"allow":["GET"]}}],"collection":[{"href":"https:\/\/portaldenoticias.net\/ffsantos\/wp-json\/wp\/v2\/pages"}],"about":[{"href":"https:\/\/portaldenoticias.net\/ffsantos\/wp-json\/wp\/v2\/types\/page"}],"author":[{"embeddable":true,"href":"https:\/\/portaldenoticias.net\/ffsantos\/wp-json\/wp\/v2\/users\/1"}],"replies":[{"embeddable":true,"href":"https:\/\/portaldenoticias.net\/ffsantos\/wp-json\/wp\/v2\/comments?post=2"}],"version-history":[{"count":5,"href":"https:\/\/portaldenoticias.net\/ffsantos\/wp-json\/wp\/v2\/pages\/2\/revisions"}],"predecessor-version":[{"id":22313,"href":"https:\/\/portaldenoticias.net\/ffsantos\/wp-json\/wp\/v2\/pages\/2\/revisions\/22313"}],"wp:attachment":[{"href":"https:\/\/portaldenoticias.net\/ffsantos\/wp-json\/wp\/v2\/media?parent=2"}],"curies":[{"name":"wp","href":"https:\/\/api.w.org\/{rel}","templated":true}]}}